{"id":2,"date":"2014-09-05T08:17:34","date_gmt":"2014-09-05T07:17:34","guid":{"rendered":"https:\/\/lecomptoirlourdes.fr\/?page_id=2"},"modified":"2022-07-02T13:34:43","modified_gmt":"2022-07-02T12:34:43","slug":"page-d-accueil","status":"publish","type":"page","link":"https:\/\/lecomptoirlourdes.fr\/","title":{"rendered":"Le Comptoir Lourdes"},"content":{"rendered":"\t\t<div data-elementor-type=\"wp-page\" data-elementor-id=\"2\" class=\"elementor elementor-2\">\n\t\t\t\t\t\t<section class=\"elementor-section elementor-top-section elementor-element elementor-element-3b78c232 elementor-section-boxed elementor-section-height-default elementor-section-height-default\" data-id=\"3b78c232\" data-element_type=\"section\" data-e-type=\"section\">\n\t\t\t\t\t\t<div class=\"elementor-container elementor-column-gap-default\">\n\t\t\t\t\t<div class=\"elementor-column elementor-col-100 elementor-top-column elementor-element elementor-element-7dadc401\" data-id=\"7dadc401\" data-element_type=\"column\" data-e-type=\"column\">\n\t\t\t<div class=\"elementor-widget-wrap elementor-element-populated\">\n\t\t\t\t\t\t<div class=\"elementor-element elementor-element-5f655486 elementor-widget elementor-widget-text-editor\" data-id=\"5f655486\" data-element_type=\"widget\" data-e-type=\"widget\" data-widget_type=\"text-editor.default\">\n\t\t\t\t<div class=\"elementor-widget-container\">\n\t\t\t\t\t\t\t\t\t<p><\/p>\n<p><br \/><br \/><\/p>\n<h2 style=\"text-align: center;\">Bar \u2013 Brasserie \u2013 Salon de th\u00e9<\/h2>\n<p><br \/><br \/><\/p>\n<p><br \/><br \/><\/p>\n<p style=\"text-align: center;\"><span style=\"color: #444444; font-family: Lora, Baskerville, Georgia, Times, serif; font-size: 2.48832rem; font-weight: bold;\">Nous vous attendons dans nos nouveaux locaux pour une pause gourmande au c\u0153ur de la commune embl\u00e9matique de Lourdes\u2026<\/span><\/p>\n<ul style=\"box-sizing: inherit; padding-left: 32px; margin-top: 32px; -webkit-font-smoothing: antialiased; max-width: unset; font-family: var(--font-base, serif); word-break: break-word; color: #444444; font-size: 18px;\">\n<li style=\"box-sizing: inherit; -webkit-font-smoothing: antialiased; max-width: unset; word-break: break-word;\">Vous pourrez d\u00e9guster la planche Brunch jusqu\u2019\u00e0 11h00. Apr\u00e8s un ap\u00e9ritif ou un verre de vin laissez vous tenter pour un d\u00e9jeuner, un diner\u2026 \u00e0 l\u2019int\u00e9rieur ou en terrasse, les serveurs se feront un plaisir de vous conseiller.<\/li>\n<li style=\"box-sizing: inherit; -webkit-font-smoothing: antialiased; max-width: unset; word-break: break-word;\">D\u00e9couvrez nos sp\u00e9cialit\u00e9s fran\u00e7aises faites maison et au moment.<\/li>\n<li style=\"box-sizing: inherit; -webkit-font-smoothing: antialiased; max-width: unset; word-break: break-word;\">Si apr\u00e8s cela une bouch\u00e9e gourmande vous tente, vous aurez le choix entre desserts glac\u00e9s, g\u00e2teaux maisons et bien d\u2019autres gourmandises selon la saison<\/li>\n<\/ul>\n<p><br \/><br \/><\/p>\t\t\t\t\t\t\t\t<\/div>\n\t\t\t\t<\/div>\n\t\t\t\t\t<\/div>\n\t\t<\/div>\n\t\t\t\t\t<\/div>\n\t\t<\/section>\n\t\t\t\t<\/div>\n\t\t","protected":false},"excerpt":{"rendered":"","protected":false},"author":1,"featured_media":0,"parent":0,"menu_order":0,"comment_status":"closed","ping_status":"closed","template":"","meta":{"footnotes":""},"class_list":["post-2","page","type-page","status-publish","hentry","comments-off"],"yoast_head":"<!-- This site is optimized with the Yoast SEO plugin v27.3 - https:\/\/yoast.com\/product\/yoast-seo-wordpress\/ -->\n<title>Le Comptoir Lourdes<\/title>\n<meta name=\"description\" content=\"Lourdes , Brasserie , Tapas , Restaurant , Vins , Lounge , Bar , ville de Lourdes , Pizzeria , Sanctuaires , Hautes-Pyr\u00e9n\u00e9es , Lourdes 65100 , Bi\u00e8res , Cocktails , Bar a vins\" \/>\n<meta name=\"robots\" content=\"index, follow, max-snippet:-1, max-image-preview:large, max-video-preview:-1\" \/>\n<link rel=\"canonical\" href=\"https:\/\/lecomptoirlourdes.fr\/\" \/>\n<meta property=\"og:locale\" content=\"fr_FR\" \/>\n<meta property=\"og:type\" content=\"article\" \/>\n<meta property=\"og:title\" content=\"Le Comptoir Lourdes\" \/>\n<meta property=\"og:description\" content=\"Lourdes , Brasserie , Tapas , Restaurant , Vins , Lounge , Bar , ville de Lourdes , Pizzeria , Sanctuaires , Hautes-Pyr\u00e9n\u00e9es , Lourdes 65100 , Bi\u00e8res , Cocktails , Bar a vins\" \/>\n<meta property=\"og:url\" content=\"https:\/\/lecomptoirlourdes.fr\/\" \/>\n<meta property=\"og:site_name\" content=\"Le Comptoir Lourdes\" \/>\n<meta property=\"article:modified_time\" content=\"2022-07-02T12:34:43+00:00\" \/>\n<meta name=\"twitter:label1\" content=\"Dur\u00e9e de lecture estim\u00e9e\" \/>\n\t<meta name=\"twitter:data1\" content=\"1 minute\" \/>\n<script type=\"application\/ld+json\" class=\"yoast-schema-graph\">{\"@context\":\"https:\\\/\\\/schema.org\",\"@graph\":[{\"@type\":\"WebPage\",\"@id\":\"https:\\\/\\\/lecomptoirlourdes.fr\\\/\",\"url\":\"https:\\\/\\\/lecomptoirlourdes.fr\\\/\",\"name\":\"Le Comptoir Lourdes\",\"isPartOf\":{\"@id\":\"https:\\\/\\\/lecomptoirlourdes.fr\\\/#website\"},\"datePublished\":\"2014-09-05T07:17:34+00:00\",\"dateModified\":\"2022-07-02T12:34:43+00:00\",\"description\":\"Lourdes , Brasserie , Tapas , Restaurant , Vins , Lounge , Bar , ville de Lourdes , Pizzeria , Sanctuaires , Hautes-Pyr\u00e9n\u00e9es , Lourdes 65100 , Bi\u00e8res , Cocktails , Bar a vins\",\"breadcrumb\":{\"@id\":\"https:\\\/\\\/lecomptoirlourdes.fr\\\/#breadcrumb\"},\"inLanguage\":\"fr-FR\",\"potentialAction\":[{\"@type\":\"ReadAction\",\"target\":[\"https:\\\/\\\/lecomptoirlourdes.fr\\\/\"]}]},{\"@type\":\"BreadcrumbList\",\"@id\":\"https:\\\/\\\/lecomptoirlourdes.fr\\\/#breadcrumb\",\"itemListElement\":[{\"@type\":\"ListItem\",\"position\":1,\"name\":\"Accueil\",\"item\":\"https:\\\/\\\/lecomptoirlourdes.fr\\\/\"},{\"@type\":\"ListItem\",\"position\":2,\"name\":\"Le Comptoir Lourdes\"}]},{\"@type\":\"WebSite\",\"@id\":\"https:\\\/\\\/lecomptoirlourdes.fr\\\/#website\",\"url\":\"https:\\\/\\\/lecomptoirlourdes.fr\\\/\",\"name\":\"Le Comptoir Lourdes\",\"description\":\"Bar Brasserie Salon de th\u00e9\",\"potentialAction\":[{\"@type\":\"SearchAction\",\"target\":{\"@type\":\"EntryPoint\",\"urlTemplate\":\"https:\\\/\\\/lecomptoirlourdes.fr\\\/?s={search_term_string}\"},\"query-input\":{\"@type\":\"PropertyValueSpecification\",\"valueRequired\":true,\"valueName\":\"search_term_string\"}}],\"inLanguage\":\"fr-FR\"}]}<\/script>\n<!-- \/ Yoast SEO plugin. -->","yoast_head_json":{"title":"Le Comptoir Lourdes","description":"Lourdes , Brasserie , Tapas , Restaurant , Vins , Lounge , Bar , ville de Lourdes , Pizzeria , Sanctuaires , Hautes-Pyr\u00e9n\u00e9es , Lourdes 65100 , Bi\u00e8res , Cocktails , Bar a vins","robots":{"index":"index","follow":"follow","max-snippet":"max-snippet:-1","max-image-preview":"max-image-preview:large","max-video-preview":"max-video-preview:-1"},"canonical":"https:\/\/lecomptoirlourdes.fr\/","og_locale":"fr_FR","og_type":"article","og_title":"Le Comptoir Lourdes","og_description":"Lourdes , Brasserie , Tapas , Restaurant , Vins , Lounge , Bar , ville de Lourdes , Pizzeria , Sanctuaires , Hautes-Pyr\u00e9n\u00e9es , Lourdes 65100 , Bi\u00e8res , Cocktails , Bar a vins","og_url":"https:\/\/lecomptoirlourdes.fr\/","og_site_name":"Le Comptoir Lourdes","article_modified_time":"2022-07-02T12:34:43+00:00","twitter_misc":{"Dur\u00e9e de lecture estim\u00e9e":"1 minute"},"schema":{"@context":"https:\/\/schema.org","@graph":[{"@type":"WebPage","@id":"https:\/\/lecomptoirlourdes.fr\/","url":"https:\/\/lecomptoirlourdes.fr\/","name":"Le Comptoir Lourdes","isPartOf":{"@id":"https:\/\/lecomptoirlourdes.fr\/#website"},"datePublished":"2014-09-05T07:17:34+00:00","dateModified":"2022-07-02T12:34:43+00:00","description":"Lourdes , Brasserie , Tapas , Restaurant , Vins , Lounge , Bar , ville de Lourdes , Pizzeria , Sanctuaires , Hautes-Pyr\u00e9n\u00e9es , Lourdes 65100 , Bi\u00e8res , Cocktails , Bar a vins","breadcrumb":{"@id":"https:\/\/lecomptoirlourdes.fr\/#breadcrumb"},"inLanguage":"fr-FR","potentialAction":[{"@type":"ReadAction","target":["https:\/\/lecomptoirlourdes.fr\/"]}]},{"@type":"BreadcrumbList","@id":"https:\/\/lecomptoirlourdes.fr\/#breadcrumb","itemListElement":[{"@type":"ListItem","position":1,"name":"Accueil","item":"https:\/\/lecomptoirlourdes.fr\/"},{"@type":"ListItem","position":2,"name":"Le Comptoir Lourdes"}]},{"@type":"WebSite","@id":"https:\/\/lecomptoirlourdes.fr\/#website","url":"https:\/\/lecomptoirlourdes.fr\/","name":"Le Comptoir Lourdes","description":"Bar Brasserie Salon de th\u00e9","potentialAction":[{"@type":"SearchAction","target":{"@type":"EntryPoint","urlTemplate":"https:\/\/lecomptoirlourdes.fr\/?s={search_term_string}"},"query-input":{"@type":"PropertyValueSpecification","valueRequired":true,"valueName":"search_term_string"}}],"inLanguage":"fr-FR"}]}},"_links":{"self":[{"href":"https:\/\/lecomptoirlourdes.fr\/index.php?rest_route=\/wp\/v2\/pages\/2","targetHints":{"allow":["GET"]}}],"collection":[{"href":"https:\/\/lecomptoirlourdes.fr\/index.php?rest_route=\/wp\/v2\/pages"}],"about":[{"href":"https:\/\/lecomptoirlourdes.fr\/index.php?rest_route=\/wp\/v2\/types\/page"}],"author":[{"embeddable":true,"href":"https:\/\/lecomptoirlourdes.fr\/index.php?rest_route=\/wp\/v2\/users\/1"}],"replies":[{"embeddable":true,"href":"https:\/\/lecomptoirlourdes.fr\/index.php?rest_route=%2Fwp%2Fv2%2Fcomments&post=2"}],"version-history":[{"count":0,"href":"https:\/\/lecomptoirlourdes.fr\/index.php?rest_route=\/wp\/v2\/pages\/2\/revisions"}],"wp:attachment":[{"href":"https:\/\/lecomptoirlourdes.fr\/index.php?rest_route=%2Fwp%2Fv2%2Fmedia&parent=2"}],"curies":[{"name":"wp","href":"https:\/\/api.w.org\/{rel}","templated":true}]}}