{"id":698,"date":"2022-04-18T12:43:05","date_gmt":"2022-04-18T11:43:05","guid":{"rendered":"https:\/\/lecomptoirlourdes.fr\/?page_id=698"},"modified":"2022-04-18T13:08:29","modified_gmt":"2022-04-18T12:08:29","slug":"les-desserts","status":"publish","type":"page","link":"https:\/\/lecomptoirlourdes.fr\/?page_id=698","title":{"rendered":"Les Desserts"},"content":{"rendered":"\n<div class=\"wp-block-columns is-layout-flex wp-container-core-columns-is-layout-9d6595d7 wp-block-columns-is-layout-flex\">\n<div class=\"wp-block-column is-layout-flow wp-block-column-is-layout-flow\">\n<table id=\"tablepress-4\" class=\"tablepress tablepress-id-4\">\n<tbody>\n<tr class=\"row-1\">\n\t<td class=\"column-1\">Cr\u00e8mes Glac\u00e9es<\/td><td class=\"column-2\"><\/td><td class=\"column-3\"><\/td><td class=\"column-4\"><\/td>\n<\/tr>\n<tr class=\"row-2\">\n\t<td class=\"column-1\">Caf\u00e9 100 % pur Arabica de Colombie<br \/>\nIGP<\/td><td class=\"column-2\"><\/td><td class=\"column-3\"><\/td><td class=\"column-4\"><\/td>\n<\/tr>\n<tr class=\"row-3\">\n\t<td class=\"column-1\">Caramel beurre sal\u00e9<br \/>\nde baratte au sel de Gu\u00e9rande IGP<\/td><td class=\"column-2\"><\/td><td class=\"column-3\"><\/td><td class=\"column-4\"><\/td>\n<\/tr>\n<tr class=\"row-4\">\n\t<td class=\"column-1\">Chocolat noir suisse<\/td><td class=\"column-2\"><\/td><td class=\"column-3\"><\/td><td class=\"column-4\"><\/td>\n<\/tr>\n<tr class=\"row-5\">\n\t<td class=\"column-1\">Fraise Sengana<\/td><td class=\"column-2\"><\/td><td class=\"column-3\"><\/td><td class=\"column-4\"><\/td>\n<\/tr>\n<tr class=\"row-6\">\n\t<td class=\"column-1\">Rhum-raisins au rhum des antilles et raisins blonds<\/td><td class=\"column-2\"><\/td><td class=\"column-3\"><\/td><td class=\"column-4\"><\/td>\n<\/tr>\n<tr class=\"row-7\">\n\t<td class=\"column-1\">Vanille Bourdon de Madagascar<\/td><td class=\"column-2\"><\/td><td class=\"column-3\"><\/td><td class=\"column-4\"><\/td>\n<\/tr>\n<tr class=\"row-8\">\n\t<td class=\"column-1\">Sorbets<\/td><td class=\"column-2\"><\/td><td class=\"column-3\"><\/td><td class=\"column-4\"><\/td>\n<\/tr>\n<tr class=\"row-9\">\n\t<td class=\"column-1\">Citron vert du mexique<\/td><td class=\"column-2\"><\/td><td class=\"column-3\"><\/td><td class=\"column-4\"><\/td>\n<\/tr>\n<tr class=\"row-10\">\n\t<td class=\"column-1\">Framboise Meeker<\/td><td class=\"column-2\"><\/td><td class=\"column-3\"><\/td><td class=\"column-4\"><\/td>\n<\/tr>\n<tr class=\"row-11\">\n\t<td class=\"column-1\">Mangue Alphonso d'inde<\/td><td class=\"column-2\"><\/td><td class=\"column-3\"><\/td><td class=\"column-4\"><\/td>\n<\/tr>\n<tr class=\"row-12\">\n\t<td class=\"column-1\"><\/td><td class=\"column-2\">1 boule 2,50\u20ac<\/td><td class=\"column-3\">2 boules 4,50\u20ac<\/td><td class=\"column-4\">3 boules 7,00\u20ac<\/td>\n<\/tr>\n<tr class=\"row-13\">\n\t<td class=\"column-1\">Suppl\u00e9ment cr\u00e8me fouett\u00e9e  0,50\u20ac<\/td><td class=\"column-2\"><\/td><td class=\"column-3\"><\/td><td class=\"column-4\"><\/td>\n<\/tr>\n<tr class=\"row-14\">\n\t<td class=\"column-1\"><\/td><td class=\"column-2\"><\/td><td class=\"column-3\"><\/td><td class=\"column-4\"><\/td>\n<\/tr>\n<\/tbody>\n<\/table>\n<!-- #tablepress-4 from cache -->\n<\/div>\n<\/div>\n\n\n\n<div class=\"wp-block-columns is-layout-flex wp-container-core-columns-is-layout-9d6595d7 wp-block-columns-is-layout-flex\">\n<div class=\"wp-block-column is-layout-flow wp-block-column-is-layout-flow\">\n<table id=\"tablepress-5\" class=\"tablepress tablepress-id-5\">\n<tbody>\n<tr class=\"row-1\">\n\t<td class=\"column-1\">Nos coupes glac\u00e9es<\/td><td class=\"column-2\"><\/td>\n<\/tr>\n<tr class=\"row-2\">\n\t<td class=\"column-1\">Banana Split<br \/>\nChocolat, vanille, fraise, banane fruit, sauce chocolat et cr\u00e8me fouett\u00e9e<\/td><td class=\"column-2\">8,50\u20ac<\/td>\n<\/tr>\n<tr class=\"row-3\">\n\t<td class=\"column-1\">Chocolat Li\u00e9geois<br \/>\nChocolat, vanille, sauce chocolat et cr\u00e8me fouett\u00e9e<\/td><td class=\"column-2\">7,50\u20ac<\/td>\n<\/tr>\n<tr class=\"row-4\">\n\t<td class=\"column-1\">Caramel Li\u00e9geois<br \/>\nCaramel, vanille, sauce caramel et cr\u00e8me fouett\u00e9e<\/td><td class=\"column-2\">7,50\u20ac<\/td>\n<\/tr>\n<tr class=\"row-5\">\n\t<td class=\"column-1\">Caf\u00e9 Li\u00e9geois<br \/>\ncaf\u00e9, vanille, sauce caf\u00e9 et cr\u00e8me fouett\u00e9e<\/td><td class=\"column-2\">7,50\u20ac<\/td>\n<\/tr>\n<tr class=\"row-6\">\n\t<td class=\"column-1\">Dame Blanche<br \/>\nVanille, sauce chocolat et cr\u00e8me fouett\u00e9e<\/td><td class=\"column-2\">7,50\u20ac<\/td>\n<\/tr>\n<tr class=\"row-7\">\n\t<td class=\"column-1\">P\u00eache Melba<br \/>\nVanille, p\u00eache fruit, coulis de fruits rouges et cr\u00e8me fouett\u00e9e<\/td><td class=\"column-2\">8,50\u20ac<\/td>\n<\/tr>\n<tr class=\"row-8\">\n\t<td class=\"column-1\">Poire Belle-H\u00e9l\u00e8ne<br \/>\nVanille, poire fruit, sauce chocolat et cr\u00e8me fouett\u00e9e<\/td><td class=\"column-2\">8,50\u20ac<\/td>\n<\/tr>\n<tr class=\"row-9\">\n\t<td class=\"column-1\">La Colonel<br \/>\n2 boules citron vert, 2 cl de vodka<\/td><td class=\"column-2\">8,50\u20ac<\/td>\n<\/tr>\n<tr class=\"row-10\">\n\t<td class=\"column-1\"><\/td><td class=\"column-2\"><\/td>\n<\/tr>\n<\/tbody>\n<\/table>\n<!-- #tablepress-5 from cache -->\n<\/div>\n<\/div>\n\n\n\n<div class=\"wp-block-columns is-layout-flex wp-container-core-columns-is-layout-9d6595d7 wp-block-columns-is-layout-flex\">\n<div class=\"wp-block-column is-layout-flow wp-block-column-is-layout-flow\">\n<table id=\"tablepress-6\" class=\"tablepress tablepress-id-6\">\n<tbody>\n<tr class=\"row-1\">\n\t<td class=\"column-1\">Nos Desserts Gourmands<\/td><td class=\"column-2\"><\/td>\n<\/tr>\n<tr class=\"row-2\">\n\t<td class=\"column-1\">Caf\u00e9 gourmand<\/td><td class=\"column-2\">8.50\u20ac<\/td>\n<\/tr>\n<tr class=\"row-3\">\n\t<td class=\"column-1\">Th\u00e9 ou Chocolat gourmand<\/td><td class=\"column-2\">9.50\u20ac<\/td>\n<\/tr>\n<tr class=\"row-4\">\n\t<td class=\"column-1\">Tiramisu<\/td><td class=\"column-2\">7\u20ac<\/td>\n<\/tr>\n<tr class=\"row-5\">\n\t<td class=\"column-1\">Mousse au chocolat<\/td><td class=\"column-2\">6,50\u20ac<\/td>\n<\/tr>\n<tr class=\"row-6\">\n\t<td class=\"column-1\">Profiteroles<\/td><td class=\"column-2\">7,50\u20ac<\/td>\n<\/tr>\n<tr class=\"row-7\">\n\t<td class=\"column-1\">Cr\u00e8me brul\u00e9e<\/td><td class=\"column-2\">7\u20ac<\/td>\n<\/tr>\n<tr class=\"row-8\">\n\t<td class=\"column-1\">Cr\u00eapes au sucre<\/td><td class=\"column-2\">6\u20ac<\/td>\n<\/tr>\n<tr class=\"row-9\">\n\t<td class=\"column-1\">Cr\u00eapes nutella <br \/>\nou confiture<\/td><td class=\"column-2\">6,50\u20ac<\/td>\n<\/tr>\n<tr class=\"row-10\">\n\t<td class=\"column-1\">Affogato<br \/>\ndouble caf\u00e9<br \/>\n<br \/>\n1 boule de glace vanille<\/td><td class=\"column-2\">6.50\u20ac<\/td>\n<\/tr>\n<tr class=\"row-11\">\n\t<td class=\"column-1\">Assiette de fromage<br \/>\n3 fromages<\/td><td class=\"column-2\">9,50\u20ac<\/td>\n<\/tr>\n<tr class=\"row-12\">\n\t<td class=\"column-1\">Suppl\u00e9ment cr\u00e8me fouett\u00e9e<\/td><td class=\"column-2\">0,50\u20ac<\/td>\n<\/tr>\n<tr class=\"row-13\">\n\t<td class=\"column-1\"><\/td><td class=\"column-2\"><\/td>\n<\/tr>\n<\/tbody>\n<\/table>\n<!-- #tablepress-6 from cache -->\n<\/div>\n<\/div>\n\n\n\n<p><\/p>\n","protected":false},"excerpt":{"rendered":"","protected":false},"author":1,"featured_media":0,"parent":0,"menu_order":0,"comment_status":"closed","ping_status":"closed","template":"","meta":{"footnotes":""},"class_list":["post-698","page","type-page","status-publish","hentry","comments-off"],"yoast_head":"<!-- This site is optimized with the Yoast SEO plugin v27.3 - https:\/\/yoast.com\/product\/yoast-seo-wordpress\/ -->\n<title>Les Desserts - Le Comptoir Lourdes<\/title>\n<meta name=\"robots\" content=\"index, follow, max-snippet:-1, max-image-preview:large, max-video-preview:-1\" \/>\n<link rel=\"canonical\" href=\"https:\/\/lecomptoirlourdes.fr\/?page_id=698\" \/>\n<meta property=\"og:locale\" content=\"fr_FR\" \/>\n<meta property=\"og:type\" content=\"article\" \/>\n<meta property=\"og:title\" content=\"Les Desserts - Le Comptoir Lourdes\" \/>\n<meta property=\"og:url\" content=\"https:\/\/lecomptoirlourdes.fr\/?page_id=698\" \/>\n<meta property=\"og:site_name\" content=\"Le Comptoir Lourdes\" \/>\n<meta property=\"article:modified_time\" content=\"2022-04-18T12:08:29+00:00\" \/>\n<meta name=\"twitter:label1\" content=\"Dur\u00e9e de lecture estim\u00e9e\" \/>\n\t<meta name=\"twitter:data1\" content=\"1 minute\" \/>\n<script type=\"application\/ld+json\" class=\"yoast-schema-graph\">{\"@context\":\"https:\\\/\\\/schema.org\",\"@graph\":[{\"@type\":\"WebPage\",\"@id\":\"https:\\\/\\\/lecomptoirlourdes.fr\\\/?page_id=698\",\"url\":\"https:\\\/\\\/lecomptoirlourdes.fr\\\/?page_id=698\",\"name\":\"Les Desserts - Le Comptoir Lourdes\",\"isPartOf\":{\"@id\":\"https:\\\/\\\/lecomptoirlourdes.fr\\\/#website\"},\"datePublished\":\"2022-04-18T11:43:05+00:00\",\"dateModified\":\"2022-04-18T12:08:29+00:00\",\"breadcrumb\":{\"@id\":\"https:\\\/\\\/lecomptoirlourdes.fr\\\/?page_id=698#breadcrumb\"},\"inLanguage\":\"fr-FR\",\"potentialAction\":[{\"@type\":\"ReadAction\",\"target\":[\"https:\\\/\\\/lecomptoirlourdes.fr\\\/?page_id=698\"]}]},{\"@type\":\"BreadcrumbList\",\"@id\":\"https:\\\/\\\/lecomptoirlourdes.fr\\\/?page_id=698#breadcrumb\",\"itemListElement\":[{\"@type\":\"ListItem\",\"position\":1,\"name\":\"Accueil\",\"item\":\"https:\\\/\\\/lecomptoirlourdes.fr\\\/\"},{\"@type\":\"ListItem\",\"position\":2,\"name\":\"Les Desserts\"}]},{\"@type\":\"WebSite\",\"@id\":\"https:\\\/\\\/lecomptoirlourdes.fr\\\/#website\",\"url\":\"https:\\\/\\\/lecomptoirlourdes.fr\\\/\",\"name\":\"Le Comptoir Lourdes\",\"description\":\"Bar Brasserie Salon de th\u00e9\",\"potentialAction\":[{\"@type\":\"SearchAction\",\"target\":{\"@type\":\"EntryPoint\",\"urlTemplate\":\"https:\\\/\\\/lecomptoirlourdes.fr\\\/?s={search_term_string}\"},\"query-input\":{\"@type\":\"PropertyValueSpecification\",\"valueRequired\":true,\"valueName\":\"search_term_string\"}}],\"inLanguage\":\"fr-FR\"}]}<\/script>\n<!-- \/ Yoast SEO plugin. -->","yoast_head_json":{"title":"Les Desserts - Le Comptoir Lourdes","robots":{"index":"index","follow":"follow","max-snippet":"max-snippet:-1","max-image-preview":"max-image-preview:large","max-video-preview":"max-video-preview:-1"},"canonical":"https:\/\/lecomptoirlourdes.fr\/?page_id=698","og_locale":"fr_FR","og_type":"article","og_title":"Les Desserts - Le Comptoir Lourdes","og_url":"https:\/\/lecomptoirlourdes.fr\/?page_id=698","og_site_name":"Le Comptoir Lourdes","article_modified_time":"2022-04-18T12:08:29+00:00","twitter_misc":{"Dur\u00e9e de lecture estim\u00e9e":"1 minute"},"schema":{"@context":"https:\/\/schema.org","@graph":[{"@type":"WebPage","@id":"https:\/\/lecomptoirlourdes.fr\/?page_id=698","url":"https:\/\/lecomptoirlourdes.fr\/?page_id=698","name":"Les Desserts - Le Comptoir Lourdes","isPartOf":{"@id":"https:\/\/lecomptoirlourdes.fr\/#website"},"datePublished":"2022-04-18T11:43:05+00:00","dateModified":"2022-04-18T12:08:29+00:00","breadcrumb":{"@id":"https:\/\/lecomptoirlourdes.fr\/?page_id=698#breadcrumb"},"inLanguage":"fr-FR","potentialAction":[{"@type":"ReadAction","target":["https:\/\/lecomptoirlourdes.fr\/?page_id=698"]}]},{"@type":"BreadcrumbList","@id":"https:\/\/lecomptoirlourdes.fr\/?page_id=698#breadcrumb","itemListElement":[{"@type":"ListItem","position":1,"name":"Accueil","item":"https:\/\/lecomptoirlourdes.fr\/"},{"@type":"ListItem","position":2,"name":"Les Desserts"}]},{"@type":"WebSite","@id":"https:\/\/lecomptoirlourdes.fr\/#website","url":"https:\/\/lecomptoirlourdes.fr\/","name":"Le Comptoir Lourdes","description":"Bar Brasserie Salon de th\u00e9","potentialAction":[{"@type":"SearchAction","target":{"@type":"EntryPoint","urlTemplate":"https:\/\/lecomptoirlourdes.fr\/?s={search_term_string}"},"query-input":{"@type":"PropertyValueSpecification","valueRequired":true,"valueName":"search_term_string"}}],"inLanguage":"fr-FR"}]}},"_links":{"self":[{"href":"https:\/\/lecomptoirlourdes.fr\/index.php?rest_route=\/wp\/v2\/pages\/698","targetHints":{"allow":["GET"]}}],"collection":[{"href":"https:\/\/lecomptoirlourdes.fr\/index.php?rest_route=\/wp\/v2\/pages"}],"about":[{"href":"https:\/\/lecomptoirlourdes.fr\/index.php?rest_route=\/wp\/v2\/types\/page"}],"author":[{"embeddable":true,"href":"https:\/\/lecomptoirlourdes.fr\/index.php?rest_route=\/wp\/v2\/users\/1"}],"replies":[{"embeddable":true,"href":"https:\/\/lecomptoirlourdes.fr\/index.php?rest_route=%2Fwp%2Fv2%2Fcomments&post=698"}],"version-history":[{"count":0,"href":"https:\/\/lecomptoirlourdes.fr\/index.php?rest_route=\/wp\/v2\/pages\/698\/revisions"}],"wp:attachment":[{"href":"https:\/\/lecomptoirlourdes.fr\/index.php?rest_route=%2Fwp%2Fv2%2Fmedia&parent=698"}],"curies":[{"name":"wp","href":"https:\/\/api.w.org\/{rel}","templated":true}]}}