{"id":90,"date":"2022-03-05T17:35:23","date_gmt":"2022-03-05T16:35:23","guid":{"rendered":"https:\/\/lecomptoirlourdes.fr\/?page_id=90"},"modified":"2024-05-05T13:53:50","modified_gmt":"2024-05-05T12:53:50","slug":"la-cave-a-vin-du-comptoir","status":"publish","type":"page","link":"https:\/\/lecomptoirlourdes.fr\/?page_id=90","title":{"rendered":"La Cave \u00e0 vin du Comptoir"},"content":{"rendered":"\n\n\n<figure class=\"wp-block-table is-style-regular\"><table><tbody><tr><td><strong>Les Rouges :<\/strong><\/td><td class=\"has-text-align-center\" data-align=\"center\">Verre<\/td><td class=\"has-text-align-center\" data-align=\"center\">75CL<\/td><\/tr><tr><td><em>Sud Ouest<\/em>&#8230;<\/td><td class=\"has-text-align-center\" data-align=\"center\"><\/td><td class=\"has-text-align-center\" data-align=\"center\"><\/td><\/tr><tr><td><strong>Corolle<\/strong> <strong>IGP<\/strong> <strong>C\u00f4te de Gascone<\/strong>                                 <\/td><td class=\"has-text-align-center\" data-align=\"center\"><em>4.50<\/em>\u20ac<\/td><td class=\"has-text-align-center\" data-align=\"center\"><em>22\u20ac<\/em><\/td><\/tr><tr><td><strong>Saint Mont AOP Les Hauts de Bergelle<\/strong><\/td><td class=\"has-text-align-center\" data-align=\"center\"><em>5,50\u20ac<\/em><\/td><td class=\"has-text-align-center\" data-align=\"center\"><em>26\u20ac<\/em><\/td><\/tr><tr><td><strong>Madiran AOP Laffitte Teston<\/strong><\/td><td class=\"has-text-align-center\" data-align=\"center\"><em>5,50\u20ac<\/em><\/td><td class=\"has-text-align-center\" data-align=\"center\"><em>27\u20ac<\/em><\/td><\/tr><tr><td><strong>Tursan ch\u00e2teau Bourda AOC<\/strong><\/td><td class=\"has-text-align-center\" data-align=\"center\"><\/td><td class=\"has-text-align-center\" data-align=\"center\"><em>27\u20ac<\/em><\/td><\/tr><tr><td><strong>O grand R Roumagnac AOP<\/strong><\/td><td class=\"has-text-align-center\" data-align=\"center\"><\/td><td class=\"has-text-align-center\" data-align=\"center\"><em>22\u20ac<\/em><\/td><\/tr><tr><td>Madurian AOP<\/td><td class=\"has-text-align-center\" data-align=\"center\">4,50\u20ac<\/td><td class=\"has-text-align-center\" data-align=\"center\">22\u20ac<\/td><\/tr><tr><td><em>Bordeaux\u2026<\/em><\/td><td class=\"has-text-align-center\" data-align=\"center\"><\/td><td class=\"has-text-align-center\" data-align=\"center\"><\/td><\/tr><tr><td><\/td><td class=\"has-text-align-center\" data-align=\"center\"><\/td><td class=\"has-text-align-center\" data-align=\"center\"><\/td><\/tr><tr><td><strong><em>les Eyquems<\/em><\/strong> <strong><em>Bordeaux C\u00f4tes de Bourg AOP<\/em><\/strong><br><sup><em>Merlot, Cabernet Franc et Sauvignon. Fruits rouges, tanins savoureux et tendres. Bouche soyeuse.<\/em><\/sup><\/td><td class=\"has-text-align-center\" data-align=\"center\"><\/td><td class=\"has-text-align-center\" data-align=\"center\"><em>25\u20ac<\/em><\/td><\/tr><tr><td><strong><em>Ch\u00e2teau Pouyanne Graves<\/em><\/strong><br><em><sup>Merlot, Cabernet Franc et Sauvignon. Ar\u00f4me de fruits noirs sur une note de fra\u00eecheur.<\/sup><\/em><\/td><td class=\"has-text-align-center\" data-align=\"center\"><em>4,80\u20ac<\/em><\/td><td class=\"has-text-align-center\" data-align=\"center\"><em>23\u20ac<\/em><\/td><\/tr><tr><td><strong><em>Tour Prignac<\/em><\/strong> <strong><em>M\u00e9doc AOP<\/em><\/strong><\/td><td class=\"has-text-align-center\" data-align=\"center\"><\/td><td class=\"has-text-align-center\" data-align=\"center\"><em>39\u20ac<\/em><\/td><\/tr><tr><td><strong><em>Beau Site St Est\u00e8phe AOP <\/em><\/strong><br><em><sup>Cabernet Franc, Cabernet Sauvignon, Merlot. Bouquet finement \u00e9pic\u00e9e, notes de petits fruits noirs. Bouche velout\u00e9e.<\/sup><\/em><\/td><td class=\"has-text-align-center\" data-align=\"center\"><\/td><td class=\"has-text-align-center\" data-align=\"center\"><em>64\u20ac<\/em><\/td><\/tr><tr><td><strong><em>H\u00e9ritage Chasse Spleen<\/em><\/strong> <strong><em>Haut M\u00e9doc AOP <\/em><\/strong><br><em><sup>Cabernet Sauvignon, Merlot, Petit Verdot. Belle ampleur et belle longueur sur des notes de cerise et de vanille.<\/sup><\/em><\/td><td class=\"has-text-align-center\" data-align=\"center\"><\/td><td class=\"has-text-align-center\" data-align=\"center\"><em>63\u20ac<\/em><\/td><\/tr><tr><td><strong><em>St Julien AOP<\/em><\/strong> <strong><em>Pavillon Glana<\/em><\/strong><br><em><sup>Cabernet Sauvignon et merlot. Ar\u00f4mes de fruits rouges complexes sur une note de fra\u00eecheur<\/sup><\/em><\/td><td class=\"has-text-align-center\" data-align=\"center\"><\/td><td class=\"has-text-align-center\" data-align=\"center\"><em>59\u20ac<\/em><\/td><\/tr><tr><td><strong><em>St Emilion Gd Cru AOP Carteau C\u00f4tes Daugay<\/em><\/strong><br><em><sup>Merlot, Cabernet Franc, Cabernet Sauvignon. Cerise et r\u00e9glisse, bouche concentr\u00e9e et puissante sur tanins amples.<\/sup><\/em><\/td><td class=\"has-text-align-center\" data-align=\"center\"><\/td><td class=\"has-text-align-center\" data-align=\"center\"><em>57\u20ac<\/em><\/td><\/tr><tr><td><em><strong>Pessac L\u00e9ognan AOP Lagrave Martillac<\/strong><\/em><br><em><sup>Cabernet Sauvignon, Merlot, Petit Verdot. Tanins complexes sur un fruit\u00e9 expressif et tr\u00e8s finement bois\u00e9.<\/sup><\/em><\/td><td class=\"has-text-align-center\" data-align=\"center\"><\/td><td class=\"has-text-align-center\" data-align=\"center\"><em>57\u20ac<\/em><\/td><\/tr><tr><td><strong><em>Chemins Croix Casse<\/em><\/strong> <strong><em>Pomerol AOP<\/em><\/strong><br><em><sup>Merlot, Cabernet Franc. Notes de frais et framboise, discr\u00e8tement bois\u00e9. Tanins soyeux.<\/sup><\/em><\/td><td class=\"has-text-align-center\" data-align=\"center\"><\/td><td class=\"has-text-align-center\" data-align=\"center\"><em>69\u20ac<\/em><\/td><\/tr><tr><td><em>Val de Loire:<\/em><\/td><td class=\"has-text-align-center\" data-align=\"center\"><\/td><td class=\"has-text-align-center\" data-align=\"center\"><\/td><\/tr><tr><td><strong><em>St Nicolas de Bourgueil AOP Ch\u00e2teau Cherllz<\/em><\/strong><\/td><td class=\"has-text-align-center\" data-align=\"center\"><\/td><td class=\"has-text-align-center\" data-align=\"center\"><em>28\u20ac<\/em><\/td><\/tr><tr><td><strong><em>Chinon AOP Mare au Diable<\/em><\/strong><br><em><sup>Cabernet Franc. Bouche ronde domin\u00e9e par la framboise. Tanins soyeux.<\/sup><\/em><\/td><td class=\"has-text-align-center\" data-align=\"center\"><\/td><td class=\"has-text-align-center\" data-align=\"center\"><em>28\u20ac<\/em><\/td><\/tr><tr><td><em>Vall\u00e9e du Rh\u00f4ne:<\/em><\/td><td class=\"has-text-align-center\" data-align=\"center\"><\/td><td class=\"has-text-align-center\" data-align=\"center\"><\/td><\/tr><tr><td><strong><em>Parall\u00e8le 45<\/em><\/strong> <strong><em>C\u00f4tes du Rh\u00f4ne <\/em><\/strong><\/td><td class=\"has-text-align-center\" data-align=\"center\"><em>5,50\u20ac<\/em><\/td><td class=\"has-text-align-center\" data-align=\"center\"><em>22\u20ac<\/em><\/td><\/tr><tr><td><em>Languedoc-Roussillon:<\/em><\/td><td class=\"has-text-align-center\" data-align=\"center\"><\/td><td class=\"has-text-align-center\" data-align=\"center\"><\/td><\/tr><tr><td><strong><em>Pic Saint-Loup La danse du loup<\/em><\/strong><\/td><td class=\"has-text-align-center\" data-align=\"center\"><\/td><td class=\"has-text-align-center\" data-align=\"center\"><em>29\u20ac<\/em><\/td><\/tr><tr><td><em>Espagne:<\/em><\/td><td class=\"has-text-align-center\" data-align=\"center\"><\/td><td class=\"has-text-align-center\" data-align=\"center\"><\/td><\/tr><tr><td><strong>Arjona Rioja<\/strong><\/td><td class=\"has-text-align-center\" data-align=\"center\"><em>4,50\u20ac<\/em><\/td><td class=\"has-text-align-center\" data-align=\"center\"><em>22\u20ac<\/em><\/td><\/tr><tr><td><\/td><td class=\"has-text-align-center\" data-align=\"center\"><\/td><td class=\"has-text-align-center\" data-align=\"center\"><\/td><\/tr><tr><td><strong><em>Les Blancs:<\/em><\/strong><\/td><td class=\"has-text-align-center\" data-align=\"center\"><\/td><td class=\"has-text-align-center\" data-align=\"center\"><\/td><\/tr><tr><td><em>Sud ouest:<\/em><\/td><td class=\"has-text-align-center\" data-align=\"center\"><\/td><td class=\"has-text-align-center\" data-align=\"center\"><\/td><\/tr><tr><td><em><strong>Tariquet Classic<\/strong><\/em> <em><strong>C\u00f4tes de Gascogne IGP<\/strong><\/em><br><em><sup>Ugni Blanc, Colombard, Sauvignon, Gros Manseng.<br>Vin sec, tr\u00e8s fruit\u00e9 aux ar\u00f4mes floraux et agrumes. Belle tonicit\u00e9.<\/sup><\/em><\/td><td class=\"has-text-align-center\" data-align=\"center\"><em>4,50\u20ac<\/em><\/td><td class=\"has-text-align-center\" data-align=\"center\"><em>22\u20ac<\/em><\/td><\/tr><tr><td><em><strong>Tariquet premi\u00e8res Grives<\/strong><\/em> <em><strong>C\u00f4tes de Gascogne IGP<\/strong><\/em><br><em><sup>Gros Manseng. Bouche gourmande, fruit\u00e9e, vive et moelleuse. Notes exotiques.<\/sup><\/em><\/td><td class=\"has-text-align-center\" data-align=\"center\"><\/td><td class=\"has-text-align-center\" data-align=\"center\"><em>28\u20ac<\/em><\/td><\/tr><tr><td><strong><em>Juran\u00e7on sec AOP Influence<\/em><\/strong><\/td><td class=\"has-text-align-center\" data-align=\"center\"><em>4,50\u20ac<\/em><\/td><td class=\"has-text-align-center\" data-align=\"center\"><em>23\u20ac<\/em><\/td><\/tr><tr><td><strong><em>Juran\u00e7on doux AOP Influence<\/em><\/strong><\/td><td class=\"has-text-align-center\" data-align=\"center\"><em>5\u20ac<\/em><\/td><td class=\"has-text-align-center\" data-align=\"center\"><em>26\u20ac<\/em><\/td><\/tr><tr><td><em><strong>Uby<\/strong> <\/em><strong><em>C\u00f4tes de Gascogne IGP<\/em><\/strong><\/td><td class=\"has-text-align-center\" data-align=\"center\"><em>4,50\u20ac<\/em><\/td><td class=\"has-text-align-center\" data-align=\"center\"><em>22\u20ac<\/em><\/td><\/tr><tr><td><em><strong>O Grand R sec fronton <\/strong><\/em><\/td><td class=\"has-text-align-center\" data-align=\"center\"><em>4,50\u20ac<\/em><\/td><td class=\"has-text-align-center\" data-align=\"center\"><em>23\u20ac<\/em><\/td><\/tr><tr><td><\/td><td class=\"has-text-align-center\" data-align=\"center\"><\/td><td class=\"has-text-align-center\" data-align=\"center\"><\/td><\/tr><tr><td><strong><em>Les Ros\u00e9s:<\/em><\/strong><\/td><td class=\"has-text-align-center\" data-align=\"center\"><\/td><td class=\"has-text-align-center\" data-align=\"center\"><\/td><\/tr><tr><td><em>Sud Ouest:<\/em><\/td><td class=\"has-text-align-center\" data-align=\"center\"><\/td><td class=\"has-text-align-center\" data-align=\"center\"><\/td><\/tr><tr><td><em><strong>Corolle <\/strong><\/em><strong><em>C\u00f4tes de Gascogne IGP <\/em><\/strong><\/td><td class=\"has-text-align-center\" data-align=\"center\"><em>4,50\u20ac<\/em><\/td><td class=\"has-text-align-center\" data-align=\"center\"><em>22\u20ac<\/em><\/td><\/tr><tr><td><em>Languedoc:<\/em><\/td><td class=\"has-text-align-center\" data-align=\"center\"><\/td><td class=\"has-text-align-center\" data-align=\"center\"><\/td><\/tr><tr><td><strong><em>Ostrea Saint-Saturnin AOP<\/em><\/strong><\/td><td class=\"has-text-align-center\" data-align=\"center\"><em>4,50\u20ac<\/em><\/td><td class=\"has-text-align-center\" data-align=\"center\"><em>22\u20ac<\/em><\/td><\/tr><tr><td><em>Provence:<\/em><\/td><td class=\"has-text-align-center\" data-align=\"center\"><\/td><td class=\"has-text-align-center\" data-align=\"center\"><\/td><\/tr><tr><td><strong><em><strong><em>Secret d\u2019Esperelles<\/em><\/strong><\/em><\/strong> <strong><em><strong><em>C\u00f4tes de Provence AOP <\/em><\/strong><br><em><sup>Grenache, Carignan, Cinsault, Syrah.<\/sup><\/em> <em><sup>Bouche souple et fra\u00eeche sur un bouquet de fleurs blanches et d\u2019\u00e9pices.<\/sup><\/em><\/em><\/strong><\/td><td class=\"has-text-align-center\" data-align=\"center\"><\/td><td class=\"has-text-align-center\" data-align=\"center\"><em>23\u20ac<\/em><\/td><\/tr><tr><td><strong><em><strong><em>Note bleue AOP <\/em><\/strong><\/em><\/strong><\/td><td class=\"has-text-align-center\" data-align=\"center\"><em>4,50\u20ac<\/em><\/td><td class=\"has-text-align-center\" data-align=\"center\"><em>22\u20ac<\/em><\/td><\/tr><tr><td><strong><em>Roseline Prestige<\/em><\/strong> <strong><em>C\u00f4tes de Provence AOP <\/em><\/strong><br><em><sup>Cinsault, Grenache, Syrah. Vivacit\u00e9 en bouche. Ar\u00f4mes d\u2019agrumes et de fleurs blanches. Belle longueur, fraicheur et \u00e9l\u00e9gance.<\/sup><\/em><\/td><td class=\"has-text-align-center\" data-align=\"center\"><em><sup>1\/2L<\/sup> 19\u20ac<\/em><\/td><td class=\"has-text-align-center\" data-align=\"center\"><em>27\u20ac<\/em><\/td><\/tr><\/tbody><\/table><\/figure>\n\n\n\n<p><em><strong>Les Champagnes:<\/strong><\/em><\/p>\n\n\n\n<figure class=\"wp-block-table is-style-regular\"><table><tbody><tr><td><strong><em>Champagne Paul Romain<\/em><\/strong><br><em><sup>Pinot Noir, Meunier, Chardonnay. Notes de fleurs jaunes. Fra\u00eecheur et belle longueur en bouche.<\/sup><\/em><\/td><td><em>10\u20ac<\/em><\/td><td><em>65\u20ac<\/em><\/td><\/tr><tr><td><strong><em>Champagne  Roederer<\/em><\/strong> <\/td><td><\/td><td><em>90\u20ac<\/em><\/td><\/tr><tr><td><strong><em>Champagne  Roederer<\/em><\/strong> <strong><em>rose <\/em><\/strong><\/td><td><\/td><td><em>85\u20ac<\/em><\/td><\/tr><tr><td><strong><em><strong><em>Champagne  Ruinart<\/em><\/strong><\/em><\/strong><\/td><td><\/td><td><em>90\u20ac<\/em><\/td><\/tr><\/tbody><\/table><\/figure>\n\n\n\n<p class=\"has-text-align-center\"><strong><em>Les Pichets:<\/em><\/strong><\/p>\n\n\n\n<figure class=\"wp-block-table is-style-regular\"><table><tbody><tr><td class=\"has-text-align-center\" data-align=\"center\"><strong><em>Vin des Landes<\/em><\/strong><\/td><td class=\"has-text-align-center\" data-align=\"center\"><em><strong>1\/4 L<\/strong><\/em><\/td><td class=\"has-text-align-center\" data-align=\"center\"><em><strong>1\/2 L<\/strong><\/em><\/td><td class=\"has-text-align-center\" data-align=\"center\"><em><strong>1 L<\/strong><\/em><\/td><\/tr><tr><td class=\"has-text-align-center\" data-align=\"center\"><em>Rouge<\/em><\/td><td class=\"has-text-align-center\" data-align=\"center\"><sup>3,50\u20ac<\/sup><\/td><td class=\"has-text-align-center\" data-align=\"center\"><sup>6,50\u20ac<\/sup><\/td><td class=\"has-text-align-center\" data-align=\"center\"><sup>12,50\u20ac<\/sup><\/td><\/tr><tr><td class=\"has-text-align-center\" data-align=\"center\"><em>Blanc<\/em><\/td><td class=\"has-text-align-center\" data-align=\"center\"><sup><sup>3,50\u20ac<\/sup><\/sup><\/td><td class=\"has-text-align-center\" data-align=\"center\"><sup><sup>6,50\u20ac<\/sup><\/sup><\/td><td class=\"has-text-align-center\" data-align=\"center\"><sup><sup>12,50\u20ac<\/sup><\/sup><\/td><\/tr><tr><td class=\"has-text-align-center\" data-align=\"center\"><em>Ros\u00e9<\/em><\/td><td class=\"has-text-align-center\" data-align=\"center\"><sup><sup>3,50\u20ac<\/sup><\/sup><\/td><td class=\"has-text-align-center\" data-align=\"center\"><sup><sup>6,50\u20ac<\/sup><\/sup><\/td><td class=\"has-text-align-center\" data-align=\"center\"><sup><sup>12,50\u20ac<\/sup><\/sup><\/td><\/tr><\/tbody><\/table><\/figure>\n","protected":false},"excerpt":{"rendered":"<p>Les Rouges : Verre 75CL Sud Ouest&#8230; Corolle IGP C\u00f4te de Gascone 4.50\u20ac 22\u20ac Saint Mont AOP Les Hauts de<\/p>\n","protected":false},"author":1,"featured_media":0,"parent":0,"menu_order":0,"comment_status":"closed","ping_status":"closed","template":"","meta":{"footnotes":""},"class_list":["post-90","page","type-page","status-publish","hentry","comments-off"],"yoast_head":"<!-- This site is optimized with the Yoast SEO plugin v27.3 - https:\/\/yoast.com\/product\/yoast-seo-wordpress\/ -->\n<title>La Cave \u00e0 vin du Comptoir - Le Comptoir Lourdes<\/title>\n<meta name=\"description\" content=\"Venez profiter de notre terrasse ensoleill\u00e9e en plein centre ville de Lourdes.Confortablement install\u00e9, vous trouverez sur notre carte de quoi satisfaire les papilles des petits et des grands.Mais si vous n\u2019avez pas faim pas de panique\u2026, vous ne serez pas en reste avec nos diff\u00e9rentes boissons.Amateur de vin une belle carte vous atte\" \/>\n<meta name=\"robots\" content=\"index, follow, max-snippet:-1, max-image-preview:large, max-video-preview:-1\" \/>\n<link rel=\"canonical\" href=\"https:\/\/lecomptoirlourdes.fr\/?page_id=90\" \/>\n<meta property=\"og:locale\" content=\"fr_FR\" \/>\n<meta property=\"og:type\" content=\"article\" \/>\n<meta property=\"og:title\" content=\"La Cave \u00e0 vin du Comptoir - Le Comptoir Lourdes\" \/>\n<meta property=\"og:description\" content=\"Venez profiter de notre terrasse ensoleill\u00e9e en plein centre ville de Lourdes.Confortablement install\u00e9, vous trouverez sur notre carte de quoi satisfaire les papilles des petits et des grands.Mais si vous n\u2019avez pas faim pas de panique\u2026, vous ne serez pas en reste avec nos diff\u00e9rentes boissons.Amateur de vin une belle carte vous atte\" \/>\n<meta property=\"og:url\" content=\"https:\/\/lecomptoirlourdes.fr\/?page_id=90\" \/>\n<meta property=\"og:site_name\" content=\"Le Comptoir Lourdes\" \/>\n<meta property=\"article:modified_time\" content=\"2024-05-05T12:53:50+00:00\" \/>\n<meta name=\"twitter:label1\" content=\"Dur\u00e9e de lecture estim\u00e9e\" \/>\n\t<meta name=\"twitter:data1\" content=\"3 minutes\" \/>\n<script type=\"application\/ld+json\" class=\"yoast-schema-graph\">{\"@context\":\"https:\\\/\\\/schema.org\",\"@graph\":[{\"@type\":\"WebPage\",\"@id\":\"https:\\\/\\\/lecomptoirlourdes.fr\\\/?page_id=90\",\"url\":\"https:\\\/\\\/lecomptoirlourdes.fr\\\/?page_id=90\",\"name\":\"La Cave \u00e0 vin du Comptoir - Le Comptoir Lourdes\",\"isPartOf\":{\"@id\":\"https:\\\/\\\/lecomptoirlourdes.fr\\\/#website\"},\"datePublished\":\"2022-03-05T16:35:23+00:00\",\"dateModified\":\"2024-05-05T12:53:50+00:00\",\"description\":\"Venez profiter de notre terrasse ensoleill\u00e9e en plein centre ville de Lourdes.Confortablement install\u00e9, vous trouverez sur notre carte de quoi satisfaire les papilles des petits et des grands.Mais si vous n\u2019avez pas faim pas de panique\u2026, vous ne serez pas en reste avec nos diff\u00e9rentes boissons.Amateur de vin une belle carte vous atte\",\"breadcrumb\":{\"@id\":\"https:\\\/\\\/lecomptoirlourdes.fr\\\/?page_id=90#breadcrumb\"},\"inLanguage\":\"fr-FR\",\"potentialAction\":[{\"@type\":\"ReadAction\",\"target\":[\"https:\\\/\\\/lecomptoirlourdes.fr\\\/?page_id=90\"]}]},{\"@type\":\"BreadcrumbList\",\"@id\":\"https:\\\/\\\/lecomptoirlourdes.fr\\\/?page_id=90#breadcrumb\",\"itemListElement\":[{\"@type\":\"ListItem\",\"position\":1,\"name\":\"Accueil\",\"item\":\"https:\\\/\\\/lecomptoirlourdes.fr\\\/\"},{\"@type\":\"ListItem\",\"position\":2,\"name\":\"La Cave \u00e0 vin du Comptoir\"}]},{\"@type\":\"WebSite\",\"@id\":\"https:\\\/\\\/lecomptoirlourdes.fr\\\/#website\",\"url\":\"https:\\\/\\\/lecomptoirlourdes.fr\\\/\",\"name\":\"Le Comptoir Lourdes\",\"description\":\"Bar Brasserie Salon de th\u00e9\",\"potentialAction\":[{\"@type\":\"SearchAction\",\"target\":{\"@type\":\"EntryPoint\",\"urlTemplate\":\"https:\\\/\\\/lecomptoirlourdes.fr\\\/?s={search_term_string}\"},\"query-input\":{\"@type\":\"PropertyValueSpecification\",\"valueRequired\":true,\"valueName\":\"search_term_string\"}}],\"inLanguage\":\"fr-FR\"}]}<\/script>\n<!-- \/ Yoast SEO plugin. -->","yoast_head_json":{"title":"La Cave \u00e0 vin du Comptoir - Le Comptoir Lourdes","description":"Venez profiter de notre terrasse ensoleill\u00e9e en plein centre ville de Lourdes.Confortablement install\u00e9, vous trouverez sur notre carte de quoi satisfaire les papilles des petits et des grands.Mais si vous n\u2019avez pas faim pas de panique\u2026, vous ne serez pas en reste avec nos diff\u00e9rentes boissons.Amateur de vin une belle carte vous atte","robots":{"index":"index","follow":"follow","max-snippet":"max-snippet:-1","max-image-preview":"max-image-preview:large","max-video-preview":"max-video-preview:-1"},"canonical":"https:\/\/lecomptoirlourdes.fr\/?page_id=90","og_locale":"fr_FR","og_type":"article","og_title":"La Cave \u00e0 vin du Comptoir - Le Comptoir Lourdes","og_description":"Venez profiter de notre terrasse ensoleill\u00e9e en plein centre ville de Lourdes.Confortablement install\u00e9, vous trouverez sur notre carte de quoi satisfaire les papilles des petits et des grands.Mais si vous n\u2019avez pas faim pas de panique\u2026, vous ne serez pas en reste avec nos diff\u00e9rentes boissons.Amateur de vin une belle carte vous atte","og_url":"https:\/\/lecomptoirlourdes.fr\/?page_id=90","og_site_name":"Le Comptoir Lourdes","article_modified_time":"2024-05-05T12:53:50+00:00","twitter_misc":{"Dur\u00e9e de lecture estim\u00e9e":"3 minutes"},"schema":{"@context":"https:\/\/schema.org","@graph":[{"@type":"WebPage","@id":"https:\/\/lecomptoirlourdes.fr\/?page_id=90","url":"https:\/\/lecomptoirlourdes.fr\/?page_id=90","name":"La Cave \u00e0 vin du Comptoir - Le Comptoir Lourdes","isPartOf":{"@id":"https:\/\/lecomptoirlourdes.fr\/#website"},"datePublished":"2022-03-05T16:35:23+00:00","dateModified":"2024-05-05T12:53:50+00:00","description":"Venez profiter de notre terrasse ensoleill\u00e9e en plein centre ville de Lourdes.Confortablement install\u00e9, vous trouverez sur notre carte de quoi satisfaire les papilles des petits et des grands.Mais si vous n\u2019avez pas faim pas de panique\u2026, vous ne serez pas en reste avec nos diff\u00e9rentes boissons.Amateur de vin une belle carte vous atte","breadcrumb":{"@id":"https:\/\/lecomptoirlourdes.fr\/?page_id=90#breadcrumb"},"inLanguage":"fr-FR","potentialAction":[{"@type":"ReadAction","target":["https:\/\/lecomptoirlourdes.fr\/?page_id=90"]}]},{"@type":"BreadcrumbList","@id":"https:\/\/lecomptoirlourdes.fr\/?page_id=90#breadcrumb","itemListElement":[{"@type":"ListItem","position":1,"name":"Accueil","item":"https:\/\/lecomptoirlourdes.fr\/"},{"@type":"ListItem","position":2,"name":"La Cave \u00e0 vin du Comptoir"}]},{"@type":"WebSite","@id":"https:\/\/lecomptoirlourdes.fr\/#website","url":"https:\/\/lecomptoirlourdes.fr\/","name":"Le Comptoir Lourdes","description":"Bar Brasserie Salon de th\u00e9","potentialAction":[{"@type":"SearchAction","target":{"@type":"EntryPoint","urlTemplate":"https:\/\/lecomptoirlourdes.fr\/?s={search_term_string}"},"query-input":{"@type":"PropertyValueSpecification","valueRequired":true,"valueName":"search_term_string"}}],"inLanguage":"fr-FR"}]}},"_links":{"self":[{"href":"https:\/\/lecomptoirlourdes.fr\/index.php?rest_route=\/wp\/v2\/pages\/90","targetHints":{"allow":["GET"]}}],"collection":[{"href":"https:\/\/lecomptoirlourdes.fr\/index.php?rest_route=\/wp\/v2\/pages"}],"about":[{"href":"https:\/\/lecomptoirlourdes.fr\/index.php?rest_route=\/wp\/v2\/types\/page"}],"author":[{"embeddable":true,"href":"https:\/\/lecomptoirlourdes.fr\/index.php?rest_route=\/wp\/v2\/users\/1"}],"replies":[{"embeddable":true,"href":"https:\/\/lecomptoirlourdes.fr\/index.php?rest_route=%2Fwp%2Fv2%2Fcomments&post=90"}],"version-history":[{"count":3,"href":"https:\/\/lecomptoirlourdes.fr\/index.php?rest_route=\/wp\/v2\/pages\/90\/revisions"}],"predecessor-version":[{"id":928,"href":"https:\/\/lecomptoirlourdes.fr\/index.php?rest_route=\/wp\/v2\/pages\/90\/revisions\/928"}],"wp:attachment":[{"href":"https:\/\/lecomptoirlourdes.fr\/index.php?rest_route=%2Fwp%2Fv2%2Fmedia&parent=90"}],"curies":[{"name":"wp","href":"https:\/\/api.w.org\/{rel}","templated":true}]}}